{"id":236,"date":"2024-09-26T20:45:06","date_gmt":"2024-09-26T18:45:06","guid":{"rendered":"https:\/\/hojadeplatano.com\/?page_id=236"},"modified":"2024-09-27T21:17:17","modified_gmt":"2024-09-27T19:17:17","slug":"236-2","status":"publish","type":"page","link":"https:\/\/hojadeplatano.com\/index.php\/236-2\/","title":{"rendered":"Men\u00fa"},"content":{"rendered":"<p>[et_pb_section fb_built=\u00bb1&#8243; admin_label=\u00bbHeader\u00bb _builder_version=\u00bb4.27.0&#8243; _module_preset=\u00bbdefault\u00bb background_color=\u00bbrgba(43,79,3,0.71)\u00bb background_enable_image=\u00bboff\u00bb width=\u00bb100%\u00bb box_shadow_style=\u00bbpreset1&#8243; collapsed=\u00bbon\u00bb global_colors_info=\u00bb{}\u00bb][et_pb_row _builder_version=\u00bb4.21.0&#8243; _module_preset=\u00bbdefault\u00bb global_colors_info=\u00bb{}\u00bb][et_pb_column type=\u00bb4_4&#8243; _builder_version=\u00bb4.21.0&#8243; _module_preset=\u00bbdefault\u00bb global_colors_info=\u00bb{}\u00bb][et_pb_text _builder_version=\u00bb4.21.0&#8243; _module_preset=\u00bb2f1fa203-de92-4ba2-8915-505157b9a1d4&#8243; header_text_color=\u00bb#FFFFFF\u00bb global_colors_info=\u00bb{}\u00bb]<\/p>\n<h1>Men<span>\u00fa<\/span><\/h1>\n<p><em><strong><span style=\"color: #ffffff;\">No hay nada como la experiencia de disfrutar de una comida en un buen restaurante. La atm\u00f3sfera c\u00e1lida y acogedora te envuelve mientras el aroma de los platillos reci\u00e9n preparados despierta tus sentidos.<\/span><\/strong><\/em><\/p>\n<p><span><\/span><\/p>\n<p><span><\/span><\/p>\n<p>[\/et_pb_text][\/et_pb_column][\/et_pb_row][et_pb_row column_structure=\u00bb1_2,1_2&#8243; custom_padding_last_edited=\u00bbon|tablet\u00bb _builder_version=\u00bb4.21.0&#8243; _module_preset=\u00bbdefault\u00bb custom_padding_tablet=\u00bb||0px||false|false\u00bb custom_padding_phone=\u00bb||0px||false|false\u00bb locked=\u00bboff\u00bb global_colors_info=\u00bb{}\u00bb][et_pb_column type=\u00bb1_2&#8243; _builder_version=\u00bb4.21.0&#8243; _module_preset=\u00bbdefault\u00bb global_colors_info=\u00bb{}\u00bb][et_pb_image src=\u00bbhttp:\/\/hojadeplatano.com\/wp-content\/uploads\/2024\/09\/WhatsApp-Image-2024-09-26-at-10.27.39-AM.jpeg\u00bb title_text=\u00bbWhatsApp Image 2024-09-26 at 10.27.39 AM\u00bb _builder_version=\u00bb4.27.0&#8243; _module_preset=\u00bbdefault\u00bb width=\u00bb99%\u00bb animation_style=\u00bbfold\u00bb animation_duration=\u00bb1550ms\u00bb box_shadow_style=\u00bbpreset4&#8243; global_colors_info=\u00bb{}\u00bb][\/et_pb_image][\/et_pb_column][et_pb_column type=\u00bb1_2&#8243; _builder_version=\u00bb4.21.0&#8243; _module_preset=\u00bbdefault\u00bb global_colors_info=\u00bb{}\u00bb][et_pb_image src=\u00bbhttp:\/\/hojadeplatano.com\/wp-content\/uploads\/2024\/09\/WhatsApp-Image-2024-09-26-at-10.27.40-AM.jpeg\u00bb title_text=\u00bbWhatsApp Image 2024-09-26 at 10.27.40 AM\u00bb _builder_version=\u00bb4.27.0&#8243; _module_preset=\u00bbdefault\u00bb width=\u00bb104%\u00bb min_height=\u00bb652px\u00bb animation_style=\u00bbfold\u00bb animation_duration=\u00bb1550ms\u00bb box_shadow_style=\u00bbpreset4&#8243; global_colors_info=\u00bb{}\u00bb][\/et_pb_image][\/et_pb_column][\/et_pb_row][et_pb_row column_structure=\u00bb1_2,1_2&#8243; _builder_version=\u00bb4.21.0&#8243; _module_preset=\u00bbdefault\u00bb locked=\u00bboff\u00bb global_colors_info=\u00bb{}\u00bb][et_pb_column type=\u00bb1_2&#8243; _builder_version=\u00bb4.21.0&#8243; _module_preset=\u00bbdefault\u00bb global_colors_info=\u00bb{}\u00bb][et_pb_image src=\u00bbhttp:\/\/hojadeplatano.com\/wp-content\/uploads\/2024\/09\/WhatsApp-Image-2024-09-26-at-10.27.40-AM-1.jpeg\u00bb title_text=\u00bbWhatsApp Image 2024-09-26 at 10.27.40 AM (1)\u00bb _builder_version=\u00bb4.27.0&#8243; _module_preset=\u00bbdefault\u00bb animation_style=\u00bbfold\u00bb animation_duration=\u00bb1550ms\u00bb box_shadow_style=\u00bbpreset4&#8243; global_colors_info=\u00bb{}\u00bb][\/et_pb_image][et_pb_image src=\u00bbhttp:\/\/hojadeplatano.com\/wp-content\/uploads\/2024\/09\/WhatsApp-Image-2024-09-26-at-10.27.40-AM-3.jpeg\u00bb title_text=\u00bbWhatsApp Image 2024-09-26 at 10.27.40 AM (3)\u00bb _builder_version=\u00bb4.27.0&#8243; _module_preset=\u00bbdefault\u00bb animation_style=\u00bbfold\u00bb animation_duration=\u00bb1550ms\u00bb box_shadow_style=\u00bbpreset4&#8243; global_colors_info=\u00bb{}\u00bb][\/et_pb_image][et_pb_image src=\u00bbhttp:\/\/hojadeplatano.com\/wp-content\/uploads\/2024\/09\/WhatsApp-Image-2024-09-26-at-10.27.40-AM-5.jpeg\u00bb title_text=\u00bbWhatsApp Image 2024-09-26 at 10.27.40 AM (5)\u00bb _builder_version=\u00bb4.27.0&#8243; _module_preset=\u00bbdefault\u00bb animation_style=\u00bbfold\u00bb animation_duration=\u00bb1550ms\u00bb box_shadow_style=\u00bbpreset4&#8243; global_colors_info=\u00bb{}\u00bb][\/et_pb_image][\/et_pb_column][et_pb_column type=\u00bb1_2&#8243; _builder_version=\u00bb4.21.0&#8243; _module_preset=\u00bbdefault\u00bb global_colors_info=\u00bb{}\u00bb][et_pb_image src=\u00bbhttp:\/\/hojadeplatano.com\/wp-content\/uploads\/2024\/09\/WhatsApp-Image-2024-09-26-at-10.27.40-AM-2.jpeg\u00bb title_text=\u00bbWhatsApp Image 2024-09-26 at 10.27.40 AM (2)\u00bb _builder_version=\u00bb4.27.0&#8243; _module_preset=\u00bbdefault\u00bb animation_style=\u00bbfold\u00bb animation_duration=\u00bb1550ms\u00bb box_shadow_style=\u00bbpreset4&#8243; global_colors_info=\u00bb{}\u00bb][\/et_pb_image][et_pb_image src=\u00bbhttp:\/\/hojadeplatano.com\/wp-content\/uploads\/2024\/09\/WhatsApp-Image-2024-09-26-at-10.27.40-AM-4.jpeg\u00bb title_text=\u00bbWhatsApp Image 2024-09-26 at 10.27.40 AM (4)\u00bb _builder_version=\u00bb4.27.0&#8243; _module_preset=\u00bbdefault\u00bb animation_style=\u00bbfold\u00bb animation_duration=\u00bb1550ms\u00bb box_shadow_style=\u00bbpreset4&#8243; global_colors_info=\u00bb{}\u00bb][\/et_pb_image][et_pb_image src=\u00bbhttp:\/\/hojadeplatano.com\/wp-content\/uploads\/2024\/09\/WhatsApp-Image-2024-09-26-at-10.27.40-AM-6.jpeg\u00bb title_text=\u00bbWhatsApp Image 2024-09-26 at 10.27.40 AM (6)\u00bb _builder_version=\u00bb4.27.0&#8243; _module_preset=\u00bbdefault\u00bb animation_style=\u00bbfold\u00bb animation_duration=\u00bb1550ms\u00bb box_shadow_style=\u00bbpreset4&#8243; global_colors_info=\u00bb{}\u00bb][\/et_pb_image][\/et_pb_column][\/et_pb_row][\/et_pb_section][et_pb_section fb_built=\u00bb1&#8243; admin_label=\u00bbMenu\u00bb _builder_version=\u00bb4.27.0&#8243; _module_preset=\u00bbdefault\u00bb background_color=\u00bbrgba(44,107,0,0.65)\u00bb background_image=\u00bbhttp:\/\/hojadeplatano.com\/wp-content\/uploads\/2024\/09\/rrrr.jpg\u00bb width=\u00bb100%\u00bb box_shadow_style=\u00bbpreset6&#8243; locked=\u00bboff\u00bb collapsed=\u00bbon\u00bb global_colors_info=\u00bb{}\u00bb][et_pb_row _builder_version=\u00bb4.21.0&#8243; _module_preset=\u00bbdefault\u00bb global_colors_info=\u00bb{}\u00bb][et_pb_column type=\u00bb4_4&#8243; _builder_version=\u00bb4.21.0&#8243; _module_preset=\u00bbdefault\u00bb global_colors_info=\u00bb{}\u00bb][et_pb_divider color=\u00bbgcid-73408ef3-8d7e-4e2c-a307-3f6f154d7ffc\u00bb divider_weight=\u00bb6px\u00bb _builder_version=\u00bb4.21.0&#8243; _module_preset=\u00bbdefault\u00bb max_width=\u00bb48px\u00bb module_alignment=\u00bbcenter\u00bb locked=\u00bboff\u00bb global_colors_info=\u00bb{%22gcid-73408ef3-8d7e-4e2c-a307-3f6f154d7ffc%22:%91%22color%22%93}\u00bb][\/et_pb_divider][\/et_pb_column][\/et_pb_row][\/et_pb_section][et_pb_section fb_built=\u00bb1&#8243; admin_label=\u00bbFooter\u00bb _builder_version=\u00bb4.27.0&#8243; _module_preset=\u00bbdefault\u00bb background_color=\u00bbrgba(43,79,3,0.71)\u00bb width=\u00bb100%\u00bb saved_tabs=\u00bball\u00bb locked=\u00bboff\u00bb collapsed=\u00bbon\u00bb global_colors_info=\u00bb{}\u00bb][et_pb_row column_structure=\u00bb1_3,1_3,1_3&#8243; _builder_version=\u00bb4.21.0&#8243; _module_preset=\u00bbdefault\u00bb global_colors_info=\u00bb{}\u00bb][et_pb_column type=\u00bb1_3&#8243; _builder_version=\u00bb4.21.0&#8243; _module_preset=\u00bbdefault\u00bb global_colors_info=\u00bb{}\u00bb][\/et_pb_column][et_pb_column type=\u00bb1_3&#8243; _builder_version=\u00bb4.21.0&#8243; _module_preset=\u00bbdefault\u00bb global_colors_info=\u00bb{}\u00bb][\/et_pb_column][et_pb_column type=\u00bb1_3&#8243; _builder_version=\u00bb4.21.0&#8243; _module_preset=\u00bbdefault\u00bb global_colors_info=\u00bb{}\u00bb][\/et_pb_column][\/et_pb_row][\/et_pb_section]<\/p>\n","protected":false},"excerpt":{"rendered":"<p>Men\u00fa No hay nada como la experiencia de disfrutar de una comida en un buen restaurante. La atm\u00f3sfera c\u00e1lida y acogedora te envuelve mientras el aroma de los platillos reci\u00e9n preparados despierta tus sentidos.<\/p>\n","protected":false},"author":1,"featured_media":0,"parent":0,"menu_order":2,"comment_status":"closed","ping_status":"closed","template":"","meta":{"_et_pb_use_builder":"on","_et_pb_old_content":"","_et_gb_content_width":"","footnotes":""},"class_list":["post-236","page","type-page","status-publish","hentry"],"_links":{"self":[{"href":"https:\/\/hojadeplatano.com\/index.php\/wp-json\/wp\/v2\/pages\/236","targetHints":{"allow":["GET"]}}],"collection":[{"href":"https:\/\/hojadeplatano.com\/index.php\/wp-json\/wp\/v2\/pages"}],"about":[{"href":"https:\/\/hojadeplatano.com\/index.php\/wp-json\/wp\/v2\/types\/page"}],"author":[{"embeddable":true,"href":"https:\/\/hojadeplatano.com\/index.php\/wp-json\/wp\/v2\/users\/1"}],"replies":[{"embeddable":true,"href":"https:\/\/hojadeplatano.com\/index.php\/wp-json\/wp\/v2\/comments?post=236"}],"version-history":[{"count":7,"href":"https:\/\/hojadeplatano.com\/index.php\/wp-json\/wp\/v2\/pages\/236\/revisions"}],"predecessor-version":[{"id":293,"href":"https:\/\/hojadeplatano.com\/index.php\/wp-json\/wp\/v2\/pages\/236\/revisions\/293"}],"wp:attachment":[{"href":"https:\/\/hojadeplatano.com\/index.php\/wp-json\/wp\/v2\/media?parent=236"}],"curies":[{"name":"wp","href":"https:\/\/api.w.org\/{rel}","templated":true}]}}